{"id":1477,"date":"2023-08-25T16:12:24","date_gmt":"2023-08-25T14:12:24","guid":{"rendered":"https:\/\/icm-3d.fr\/?post_type=product&#038;p=1477"},"modified":"2025-11-10T11:12:04","modified_gmt":"2025-11-10T10:12:04","slug":"boule-de-noel-personnalisee-3d-prenom-au-choix","status":"publish","type":"product","link":"https:\/\/icm-3d.fr\/index.php\/produit\/boule-de-noel-personnalisee-3d-prenom-au-choix\/","title":{"rendered":"Boule de No\u00ebl personnalis\u00e9e 3D &#8211; Pr\u00e9nom au choix"},"content":{"rendered":"<p>Boules de No\u00ebl \ud83c\udf84\ud83c\udf85 personnalis\u00e9es avec le pr\u00e9nom de votre choix<br \/>\nImprim\u00e9 en 3D , mati\u00e8re plastique bio d\u00e9gradable.<\/p>\n<p>Dimensions de la boule \ud83c\udf84<br \/>\n80mm de diam\u00e8tre<br \/>\n2.6mm d&rsquo;\u00e9paisseur<\/p>\n<p>Id\u00e9al petit cadeau pour la d\u00e9coration du sapin. \ud83c\udf32<\/p>\n<p>Exp\u00e9dition rapide.<\/p>\n","protected":false},"excerpt":{"rendered":"<p>Boules de No\u00ebl \ud83c\udf84\ud83c\udf85 personnalis\u00e9es avec le pr\u00e9nom de votre choix Imprim\u00e9 en 3D , mati\u00e8re plastique bio d\u00e9gradable. Dimensions de la boule \ud83c\udf84 80mm de diam\u00e8tre 2.6mm d&rsquo;\u00e9paisseur Id\u00e9al petit cadeau pour la d\u00e9coration du sapin. \ud83c\udf32 Exp\u00e9dition rapide.<\/p>\n","protected":false},"featured_media":1301,"comment_status":"open","ping_status":"closed","template":"","meta":[],"product_brand":[],"product_cat":[75],"product_tag":[],"class_list":{"0":"post-1477","1":"product","2":"type-product","3":"status-publish","4":"has-post-thumbnail","6":"product_cat-noel","8":"first","9":"instock","10":"sale","11":"taxable","12":"shipping-taxable","13":"purchasable","14":"product-type-variable","15":"has-default-attributes"},"yoast_head":"<!-- This site is optimized with the Yoast SEO plugin v27.4 - https:\/\/yoast.com\/product\/yoast-seo-wordpress\/ -->\n<title>Boule de No\u00ebl personnalis\u00e9e 3D - Pr\u00e9nom au choix - ICM-3D.FR<\/title>\n<meta name=\"robots\" content=\"index, follow, max-snippet:-1, max-image-preview:large, max-video-preview:-1\" \/>\n<link rel=\"canonical\" href=\"https:\/\/icm-3d.fr\/index.php\/produit\/boule-de-noel-personnalisee-3d-prenom-au-choix\/\" \/>\n<meta property=\"og:locale\" content=\"fr_FR\" \/>\n<meta property=\"og:type\" content=\"article\" \/>\n<meta property=\"og:title\" content=\"Boule de No\u00ebl personnalis\u00e9e 3D - Pr\u00e9nom au choix - ICM-3D.FR\" \/>\n<meta property=\"og:description\" content=\"Boules de No\u00ebl \ud83c\udf84\ud83c\udf85 personnalis\u00e9es avec le pr\u00e9nom de votre choix Imprim\u00e9 en 3D , mati\u00e8re plastique bio d\u00e9gradable. Dimensions de la boule \ud83c\udf84 80mm de diam\u00e8tre 2.6mm d&rsquo;\u00e9paisseur Id\u00e9al petit cadeau pour la d\u00e9coration du sapin. \ud83c\udf32 Exp\u00e9dition rapide.\" \/>\n<meta property=\"og:url\" content=\"https:\/\/icm-3d.fr\/index.php\/produit\/boule-de-noel-personnalisee-3d-prenom-au-choix\/\" \/>\n<meta property=\"og:site_name\" content=\"ICM-3D.FR\" \/>\n<meta property=\"article:publisher\" content=\"https:\/\/www.facebook.com\/people\/Icm-3D\/100085744911535\/\" \/>\n<meta property=\"article:modified_time\" content=\"2025-11-10T10:12:04+00:00\" \/>\n<meta property=\"og:image\" content=\"https:\/\/icm-3d.fr\/wp-content\/uploads\/2023\/08\/1691056305809-scaled.jpg\" \/>\n\t<meta property=\"og:image:width\" content=\"2560\" \/>\n\t<meta property=\"og:image:height\" content=\"1920\" \/>\n\t<meta property=\"og:image:type\" content=\"image\/jpeg\" \/>\n<meta name=\"twitter:card\" content=\"summary_large_image\" \/>\n<script type=\"application\/ld+json\" class=\"yoast-schema-graph\">{\"@context\":\"https:\\\/\\\/schema.org\",\"@graph\":[{\"@type\":\"WebPage\",\"@id\":\"https:\\\/\\\/icm-3d.fr\\\/index.php\\\/produit\\\/boule-de-noel-personnalisee-3d-prenom-au-choix\\\/\",\"url\":\"https:\\\/\\\/icm-3d.fr\\\/index.php\\\/produit\\\/boule-de-noel-personnalisee-3d-prenom-au-choix\\\/\",\"name\":\"Boule de No\u00ebl personnalis\u00e9e 3D - Pr\u00e9nom au choix - ICM-3D.FR\",\"isPartOf\":{\"@id\":\"https:\\\/\\\/icm-3d.fr\\\/#website\"},\"primaryImageOfPage\":{\"@id\":\"https:\\\/\\\/icm-3d.fr\\\/index.php\\\/produit\\\/boule-de-noel-personnalisee-3d-prenom-au-choix\\\/#primaryimage\"},\"image\":{\"@id\":\"https:\\\/\\\/icm-3d.fr\\\/index.php\\\/produit\\\/boule-de-noel-personnalisee-3d-prenom-au-choix\\\/#primaryimage\"},\"thumbnailUrl\":\"https:\\\/\\\/icm-3d.fr\\\/wp-content\\\/uploads\\\/2023\\\/08\\\/1691056305809-scaled.jpg\",\"datePublished\":\"2023-08-25T14:12:24+00:00\",\"dateModified\":\"2025-11-10T10:12:04+00:00\",\"breadcrumb\":{\"@id\":\"https:\\\/\\\/icm-3d.fr\\\/index.php\\\/produit\\\/boule-de-noel-personnalisee-3d-prenom-au-choix\\\/#breadcrumb\"},\"inLanguage\":\"fr-FR\",\"potentialAction\":[{\"@type\":\"ReadAction\",\"target\":[\"https:\\\/\\\/icm-3d.fr\\\/index.php\\\/produit\\\/boule-de-noel-personnalisee-3d-prenom-au-choix\\\/\"]}]},{\"@type\":\"ImageObject\",\"inLanguage\":\"fr-FR\",\"@id\":\"https:\\\/\\\/icm-3d.fr\\\/index.php\\\/produit\\\/boule-de-noel-personnalisee-3d-prenom-au-choix\\\/#primaryimage\",\"url\":\"https:\\\/\\\/icm-3d.fr\\\/wp-content\\\/uploads\\\/2023\\\/08\\\/1691056305809-scaled.jpg\",\"contentUrl\":\"https:\\\/\\\/icm-3d.fr\\\/wp-content\\\/uploads\\\/2023\\\/08\\\/1691056305809-scaled.jpg\",\"width\":2560,\"height\":1920},{\"@type\":\"BreadcrumbList\",\"@id\":\"https:\\\/\\\/icm-3d.fr\\\/index.php\\\/produit\\\/boule-de-noel-personnalisee-3d-prenom-au-choix\\\/#breadcrumb\",\"itemListElement\":[{\"@type\":\"ListItem\",\"position\":1,\"name\":\"Home\",\"item\":\"https:\\\/\\\/icm-3d.fr\\\/\"},{\"@type\":\"ListItem\",\"position\":2,\"name\":\"Boutique\",\"item\":\"https:\\\/\\\/icm-3d.fr\\\/index.php\\\/shop\\\/\"},{\"@type\":\"ListItem\",\"position\":3,\"name\":\"Boule de No\u00ebl personnalis\u00e9e 3D &#8211; Pr\u00e9nom au choix\"}]},{\"@type\":\"WebSite\",\"@id\":\"https:\\\/\\\/icm-3d.fr\\\/#website\",\"url\":\"https:\\\/\\\/icm-3d.fr\\\/\",\"name\":\"ICM-3D.FR\",\"description\":\"Impression Cr\u00e9ation Mod\u00e9lisation 3D\",\"publisher\":{\"@id\":\"https:\\\/\\\/icm-3d.fr\\\/#organization\"},\"potentialAction\":[{\"@type\":\"SearchAction\",\"target\":{\"@type\":\"EntryPoint\",\"urlTemplate\":\"https:\\\/\\\/icm-3d.fr\\\/?s={search_term_string}\"},\"query-input\":{\"@type\":\"PropertyValueSpecification\",\"valueRequired\":true,\"valueName\":\"search_term_string\"}}],\"inLanguage\":\"fr-FR\"},{\"@type\":\"Organization\",\"@id\":\"https:\\\/\\\/icm-3d.fr\\\/#organization\",\"name\":\"ICM-3D.FR\",\"url\":\"https:\\\/\\\/icm-3d.fr\\\/\",\"logo\":{\"@type\":\"ImageObject\",\"inLanguage\":\"fr-FR\",\"@id\":\"https:\\\/\\\/icm-3d.fr\\\/#\\\/schema\\\/logo\\\/image\\\/\",\"url\":\"https:\\\/\\\/icm-3d.fr\\\/wp-content\\\/uploads\\\/2023\\\/08\\\/logo.png\",\"contentUrl\":\"https:\\\/\\\/icm-3d.fr\\\/wp-content\\\/uploads\\\/2023\\\/08\\\/logo.png\",\"width\":2390,\"height\":600,\"caption\":\"ICM-3D.FR\"},\"image\":{\"@id\":\"https:\\\/\\\/icm-3d.fr\\\/#\\\/schema\\\/logo\\\/image\\\/\"},\"sameAs\":[\"https:\\\/\\\/www.facebook.com\\\/people\\\/Icm-3D\\\/100085744911535\\\/\"]}]}<\/script>\n<!-- \/ Yoast SEO plugin. -->","yoast_head_json":{"title":"Boule de No\u00ebl personnalis\u00e9e 3D - Pr\u00e9nom au choix - ICM-3D.FR","robots":{"index":"index","follow":"follow","max-snippet":"max-snippet:-1","max-image-preview":"max-image-preview:large","max-video-preview":"max-video-preview:-1"},"canonical":"https:\/\/icm-3d.fr\/index.php\/produit\/boule-de-noel-personnalisee-3d-prenom-au-choix\/","og_locale":"fr_FR","og_type":"article","og_title":"Boule de No\u00ebl personnalis\u00e9e 3D - Pr\u00e9nom au choix - ICM-3D.FR","og_description":"Boules de No\u00ebl \ud83c\udf84\ud83c\udf85 personnalis\u00e9es avec le pr\u00e9nom de votre choix Imprim\u00e9 en 3D , mati\u00e8re plastique bio d\u00e9gradable. Dimensions de la boule \ud83c\udf84 80mm de diam\u00e8tre 2.6mm d&rsquo;\u00e9paisseur Id\u00e9al petit cadeau pour la d\u00e9coration du sapin. \ud83c\udf32 Exp\u00e9dition rapide.","og_url":"https:\/\/icm-3d.fr\/index.php\/produit\/boule-de-noel-personnalisee-3d-prenom-au-choix\/","og_site_name":"ICM-3D.FR","article_publisher":"https:\/\/www.facebook.com\/people\/Icm-3D\/100085744911535\/","article_modified_time":"2025-11-10T10:12:04+00:00","og_image":[{"width":2560,"height":1920,"url":"https:\/\/icm-3d.fr\/wp-content\/uploads\/2023\/08\/1691056305809-scaled.jpg","type":"image\/jpeg"}],"twitter_card":"summary_large_image","schema":{"@context":"https:\/\/schema.org","@graph":[{"@type":"WebPage","@id":"https:\/\/icm-3d.fr\/index.php\/produit\/boule-de-noel-personnalisee-3d-prenom-au-choix\/","url":"https:\/\/icm-3d.fr\/index.php\/produit\/boule-de-noel-personnalisee-3d-prenom-au-choix\/","name":"Boule de No\u00ebl personnalis\u00e9e 3D - Pr\u00e9nom au choix - ICM-3D.FR","isPartOf":{"@id":"https:\/\/icm-3d.fr\/#website"},"primaryImageOfPage":{"@id":"https:\/\/icm-3d.fr\/index.php\/produit\/boule-de-noel-personnalisee-3d-prenom-au-choix\/#primaryimage"},"image":{"@id":"https:\/\/icm-3d.fr\/index.php\/produit\/boule-de-noel-personnalisee-3d-prenom-au-choix\/#primaryimage"},"thumbnailUrl":"https:\/\/icm-3d.fr\/wp-content\/uploads\/2023\/08\/1691056305809-scaled.jpg","datePublished":"2023-08-25T14:12:24+00:00","dateModified":"2025-11-10T10:12:04+00:00","breadcrumb":{"@id":"https:\/\/icm-3d.fr\/index.php\/produit\/boule-de-noel-personnalisee-3d-prenom-au-choix\/#breadcrumb"},"inLanguage":"fr-FR","potentialAction":[{"@type":"ReadAction","target":["https:\/\/icm-3d.fr\/index.php\/produit\/boule-de-noel-personnalisee-3d-prenom-au-choix\/"]}]},{"@type":"ImageObject","inLanguage":"fr-FR","@id":"https:\/\/icm-3d.fr\/index.php\/produit\/boule-de-noel-personnalisee-3d-prenom-au-choix\/#primaryimage","url":"https:\/\/icm-3d.fr\/wp-content\/uploads\/2023\/08\/1691056305809-scaled.jpg","contentUrl":"https:\/\/icm-3d.fr\/wp-content\/uploads\/2023\/08\/1691056305809-scaled.jpg","width":2560,"height":1920},{"@type":"BreadcrumbList","@id":"https:\/\/icm-3d.fr\/index.php\/produit\/boule-de-noel-personnalisee-3d-prenom-au-choix\/#breadcrumb","itemListElement":[{"@type":"ListItem","position":1,"name":"Home","item":"https:\/\/icm-3d.fr\/"},{"@type":"ListItem","position":2,"name":"Boutique","item":"https:\/\/icm-3d.fr\/index.php\/shop\/"},{"@type":"ListItem","position":3,"name":"Boule de No\u00ebl personnalis\u00e9e 3D &#8211; Pr\u00e9nom au choix"}]},{"@type":"WebSite","@id":"https:\/\/icm-3d.fr\/#website","url":"https:\/\/icm-3d.fr\/","name":"ICM-3D.FR","description":"Impression Cr\u00e9ation Mod\u00e9lisation 3D","publisher":{"@id":"https:\/\/icm-3d.fr\/#organization"},"potentialAction":[{"@type":"SearchAction","target":{"@type":"EntryPoint","urlTemplate":"https:\/\/icm-3d.fr\/?s={search_term_string}"},"query-input":{"@type":"PropertyValueSpecification","valueRequired":true,"valueName":"search_term_string"}}],"inLanguage":"fr-FR"},{"@type":"Organization","@id":"https:\/\/icm-3d.fr\/#organization","name":"ICM-3D.FR","url":"https:\/\/icm-3d.fr\/","logo":{"@type":"ImageObject","inLanguage":"fr-FR","@id":"https:\/\/icm-3d.fr\/#\/schema\/logo\/image\/","url":"https:\/\/icm-3d.fr\/wp-content\/uploads\/2023\/08\/logo.png","contentUrl":"https:\/\/icm-3d.fr\/wp-content\/uploads\/2023\/08\/logo.png","width":2390,"height":600,"caption":"ICM-3D.FR"},"image":{"@id":"https:\/\/icm-3d.fr\/#\/schema\/logo\/image\/"},"sameAs":["https:\/\/www.facebook.com\/people\/Icm-3D\/100085744911535\/"]}]}},"jetpack_sharing_enabled":true,"_links":{"self":[{"href":"https:\/\/icm-3d.fr\/index.php\/wp-json\/wp\/v2\/product\/1477","targetHints":{"allow":["GET"]}}],"collection":[{"href":"https:\/\/icm-3d.fr\/index.php\/wp-json\/wp\/v2\/product"}],"about":[{"href":"https:\/\/icm-3d.fr\/index.php\/wp-json\/wp\/v2\/types\/product"}],"replies":[{"embeddable":true,"href":"https:\/\/icm-3d.fr\/index.php\/wp-json\/wp\/v2\/comments?post=1477"}],"wp:featuredmedia":[{"embeddable":true,"href":"https:\/\/icm-3d.fr\/index.php\/wp-json\/wp\/v2\/media\/1301"}],"wp:attachment":[{"href":"https:\/\/icm-3d.fr\/index.php\/wp-json\/wp\/v2\/media?parent=1477"}],"wp:term":[{"taxonomy":"product_brand","embeddable":true,"href":"https:\/\/icm-3d.fr\/index.php\/wp-json\/wp\/v2\/product_brand?post=1477"},{"taxonomy":"product_cat","embeddable":true,"href":"https:\/\/icm-3d.fr\/index.php\/wp-json\/wp\/v2\/product_cat?post=1477"},{"taxonomy":"product_tag","embeddable":true,"href":"https:\/\/icm-3d.fr\/index.php\/wp-json\/wp\/v2\/product_tag?post=1477"}],"curies":[{"name":"wp","href":"https:\/\/api.w.org\/{rel}","templated":true}]}}