{"id":1883,"date":"2023-12-10T21:20:50","date_gmt":"2023-12-10T20:20:50","guid":{"rendered":"https:\/\/icm-3d.fr\/?post_type=product&#038;p=1883"},"modified":"2023-12-13T17:37:25","modified_gmt":"2023-12-13T16:37:25","slug":"logo-embleme-yamaha","status":"publish","type":"product","link":"https:\/\/icm-3d.fr\/index.php\/produit\/logo-embleme-yamaha\/","title":{"rendered":"Logo &#8211; Embl\u00e8me Yamaha"},"content":{"rendered":"<p>Cette Lampe est un fan art r\u00e9alis\u00e9 en impression 3D ! ceci n&rsquo;est pas un article officiel de la marque<\/p>\n<p>Lampe &#8211; Veilleuse LED 3D Embl\u00e8me YAMAHA , intensit\u00e9 r\u00e9glable, connexion USB 5V avec interrupteur<br \/>\nDimensions de la lampe 25cm x 24cm<br \/>\n\u00c9paisseur de la lampe 35mm<br \/>\nTout le syst\u00e8me d \u00e9clairage est fourni avec jusqu&rsquo;au connecteur USB<\/p>\n<p>Id\u00e9al pour offrir en cadeau d&rsquo;anniversaire ou pour No\u00ebl \u00e0 un fan de la marque.<\/p>\n","protected":false},"excerpt":{"rendered":"<p>Dimensions de la lampe 25 x 24cm<\/p>\n<p>\u00c9paisseur de la lampe 35mm<\/p>\n<p>LED \u2013 USB<\/p>\n","protected":false},"featured_media":1885,"comment_status":"open","ping_status":"closed","template":"","meta":[],"product_brand":[],"product_cat":[16],"product_tag":[],"class_list":{"0":"post-1883","1":"product","2":"type-product","3":"status-publish","4":"has-post-thumbnail","6":"product_cat-lampe","8":"first","9":"instock","10":"taxable","11":"shipping-taxable","12":"purchasable","13":"product-type-simple"},"yoast_head":"<!-- This site is optimized with the Yoast SEO plugin v27.4 - https:\/\/yoast.com\/product\/yoast-seo-wordpress\/ -->\n<title>Logo - Embl\u00e8me Yamaha - ICM-3D.FR<\/title>\n<meta name=\"robots\" content=\"index, follow, max-snippet:-1, max-image-preview:large, max-video-preview:-1\" \/>\n<link rel=\"canonical\" href=\"https:\/\/icm-3d.fr\/index.php\/produit\/logo-embleme-yamaha\/\" \/>\n<meta property=\"og:locale\" content=\"fr_FR\" \/>\n<meta property=\"og:type\" content=\"article\" \/>\n<meta property=\"og:title\" content=\"Logo - Embl\u00e8me Yamaha - ICM-3D.FR\" \/>\n<meta property=\"og:description\" content=\"Dimensions de la lampe 25 x 24cm \u00c9paisseur de la lampe 35mm LED \u2013 USB\" \/>\n<meta property=\"og:url\" content=\"https:\/\/icm-3d.fr\/index.php\/produit\/logo-embleme-yamaha\/\" \/>\n<meta property=\"og:site_name\" content=\"ICM-3D.FR\" \/>\n<meta property=\"article:publisher\" content=\"https:\/\/www.facebook.com\/people\/Icm-3D\/100085744911535\/\" \/>\n<meta property=\"article:modified_time\" content=\"2023-12-13T16:37:25+00:00\" \/>\n<meta property=\"og:image\" content=\"https:\/\/icm-3d.fr\/wp-content\/uploads\/2023\/12\/1000007417-scaled.jpg\" \/>\n\t<meta property=\"og:image:width\" content=\"1920\" \/>\n\t<meta property=\"og:image:height\" content=\"2560\" \/>\n\t<meta property=\"og:image:type\" content=\"image\/jpeg\" \/>\n<meta name=\"twitter:card\" content=\"summary_large_image\" \/>\n<script type=\"application\/ld+json\" class=\"yoast-schema-graph\">{\"@context\":\"https:\\\/\\\/schema.org\",\"@graph\":[{\"@type\":\"WebPage\",\"@id\":\"https:\\\/\\\/icm-3d.fr\\\/index.php\\\/produit\\\/logo-embleme-yamaha\\\/\",\"url\":\"https:\\\/\\\/icm-3d.fr\\\/index.php\\\/produit\\\/logo-embleme-yamaha\\\/\",\"name\":\"Logo - Embl\u00e8me Yamaha - ICM-3D.FR\",\"isPartOf\":{\"@id\":\"https:\\\/\\\/icm-3d.fr\\\/#website\"},\"primaryImageOfPage\":{\"@id\":\"https:\\\/\\\/icm-3d.fr\\\/index.php\\\/produit\\\/logo-embleme-yamaha\\\/#primaryimage\"},\"image\":{\"@id\":\"https:\\\/\\\/icm-3d.fr\\\/index.php\\\/produit\\\/logo-embleme-yamaha\\\/#primaryimage\"},\"thumbnailUrl\":\"https:\\\/\\\/icm-3d.fr\\\/wp-content\\\/uploads\\\/2023\\\/12\\\/1000007417-scaled.jpg\",\"datePublished\":\"2023-12-10T20:20:50+00:00\",\"dateModified\":\"2023-12-13T16:37:25+00:00\",\"breadcrumb\":{\"@id\":\"https:\\\/\\\/icm-3d.fr\\\/index.php\\\/produit\\\/logo-embleme-yamaha\\\/#breadcrumb\"},\"inLanguage\":\"fr-FR\",\"potentialAction\":[{\"@type\":\"ReadAction\",\"target\":[\"https:\\\/\\\/icm-3d.fr\\\/index.php\\\/produit\\\/logo-embleme-yamaha\\\/\"]}]},{\"@type\":\"ImageObject\",\"inLanguage\":\"fr-FR\",\"@id\":\"https:\\\/\\\/icm-3d.fr\\\/index.php\\\/produit\\\/logo-embleme-yamaha\\\/#primaryimage\",\"url\":\"https:\\\/\\\/icm-3d.fr\\\/wp-content\\\/uploads\\\/2023\\\/12\\\/1000007417-scaled.jpg\",\"contentUrl\":\"https:\\\/\\\/icm-3d.fr\\\/wp-content\\\/uploads\\\/2023\\\/12\\\/1000007417-scaled.jpg\",\"width\":1920,\"height\":2560},{\"@type\":\"BreadcrumbList\",\"@id\":\"https:\\\/\\\/icm-3d.fr\\\/index.php\\\/produit\\\/logo-embleme-yamaha\\\/#breadcrumb\",\"itemListElement\":[{\"@type\":\"ListItem\",\"position\":1,\"name\":\"Home\",\"item\":\"https:\\\/\\\/icm-3d.fr\\\/\"},{\"@type\":\"ListItem\",\"position\":2,\"name\":\"Boutique\",\"item\":\"https:\\\/\\\/icm-3d.fr\\\/index.php\\\/shop\\\/\"},{\"@type\":\"ListItem\",\"position\":3,\"name\":\"Logo &#8211; Embl\u00e8me Yamaha\"}]},{\"@type\":\"WebSite\",\"@id\":\"https:\\\/\\\/icm-3d.fr\\\/#website\",\"url\":\"https:\\\/\\\/icm-3d.fr\\\/\",\"name\":\"ICM-3D.FR\",\"description\":\"Impression Cr\u00e9ation Mod\u00e9lisation 3D\",\"publisher\":{\"@id\":\"https:\\\/\\\/icm-3d.fr\\\/#organization\"},\"potentialAction\":[{\"@type\":\"SearchAction\",\"target\":{\"@type\":\"EntryPoint\",\"urlTemplate\":\"https:\\\/\\\/icm-3d.fr\\\/?s={search_term_string}\"},\"query-input\":{\"@type\":\"PropertyValueSpecification\",\"valueRequired\":true,\"valueName\":\"search_term_string\"}}],\"inLanguage\":\"fr-FR\"},{\"@type\":\"Organization\",\"@id\":\"https:\\\/\\\/icm-3d.fr\\\/#organization\",\"name\":\"ICM-3D.FR\",\"url\":\"https:\\\/\\\/icm-3d.fr\\\/\",\"logo\":{\"@type\":\"ImageObject\",\"inLanguage\":\"fr-FR\",\"@id\":\"https:\\\/\\\/icm-3d.fr\\\/#\\\/schema\\\/logo\\\/image\\\/\",\"url\":\"https:\\\/\\\/icm-3d.fr\\\/wp-content\\\/uploads\\\/2023\\\/08\\\/logo.png\",\"contentUrl\":\"https:\\\/\\\/icm-3d.fr\\\/wp-content\\\/uploads\\\/2023\\\/08\\\/logo.png\",\"width\":2390,\"height\":600,\"caption\":\"ICM-3D.FR\"},\"image\":{\"@id\":\"https:\\\/\\\/icm-3d.fr\\\/#\\\/schema\\\/logo\\\/image\\\/\"},\"sameAs\":[\"https:\\\/\\\/www.facebook.com\\\/people\\\/Icm-3D\\\/100085744911535\\\/\"]}]}<\/script>\n<!-- \/ Yoast SEO plugin. -->","yoast_head_json":{"title":"Logo - Embl\u00e8me Yamaha - ICM-3D.FR","robots":{"index":"index","follow":"follow","max-snippet":"max-snippet:-1","max-image-preview":"max-image-preview:large","max-video-preview":"max-video-preview:-1"},"canonical":"https:\/\/icm-3d.fr\/index.php\/produit\/logo-embleme-yamaha\/","og_locale":"fr_FR","og_type":"article","og_title":"Logo - Embl\u00e8me Yamaha - ICM-3D.FR","og_description":"Dimensions de la lampe 25 x 24cm \u00c9paisseur de la lampe 35mm LED \u2013 USB","og_url":"https:\/\/icm-3d.fr\/index.php\/produit\/logo-embleme-yamaha\/","og_site_name":"ICM-3D.FR","article_publisher":"https:\/\/www.facebook.com\/people\/Icm-3D\/100085744911535\/","article_modified_time":"2023-12-13T16:37:25+00:00","og_image":[{"width":1920,"height":2560,"url":"https:\/\/icm-3d.fr\/wp-content\/uploads\/2023\/12\/1000007417-scaled.jpg","type":"image\/jpeg"}],"twitter_card":"summary_large_image","schema":{"@context":"https:\/\/schema.org","@graph":[{"@type":"WebPage","@id":"https:\/\/icm-3d.fr\/index.php\/produit\/logo-embleme-yamaha\/","url":"https:\/\/icm-3d.fr\/index.php\/produit\/logo-embleme-yamaha\/","name":"Logo - Embl\u00e8me Yamaha - ICM-3D.FR","isPartOf":{"@id":"https:\/\/icm-3d.fr\/#website"},"primaryImageOfPage":{"@id":"https:\/\/icm-3d.fr\/index.php\/produit\/logo-embleme-yamaha\/#primaryimage"},"image":{"@id":"https:\/\/icm-3d.fr\/index.php\/produit\/logo-embleme-yamaha\/#primaryimage"},"thumbnailUrl":"https:\/\/icm-3d.fr\/wp-content\/uploads\/2023\/12\/1000007417-scaled.jpg","datePublished":"2023-12-10T20:20:50+00:00","dateModified":"2023-12-13T16:37:25+00:00","breadcrumb":{"@id":"https:\/\/icm-3d.fr\/index.php\/produit\/logo-embleme-yamaha\/#breadcrumb"},"inLanguage":"fr-FR","potentialAction":[{"@type":"ReadAction","target":["https:\/\/icm-3d.fr\/index.php\/produit\/logo-embleme-yamaha\/"]}]},{"@type":"ImageObject","inLanguage":"fr-FR","@id":"https:\/\/icm-3d.fr\/index.php\/produit\/logo-embleme-yamaha\/#primaryimage","url":"https:\/\/icm-3d.fr\/wp-content\/uploads\/2023\/12\/1000007417-scaled.jpg","contentUrl":"https:\/\/icm-3d.fr\/wp-content\/uploads\/2023\/12\/1000007417-scaled.jpg","width":1920,"height":2560},{"@type":"BreadcrumbList","@id":"https:\/\/icm-3d.fr\/index.php\/produit\/logo-embleme-yamaha\/#breadcrumb","itemListElement":[{"@type":"ListItem","position":1,"name":"Home","item":"https:\/\/icm-3d.fr\/"},{"@type":"ListItem","position":2,"name":"Boutique","item":"https:\/\/icm-3d.fr\/index.php\/shop\/"},{"@type":"ListItem","position":3,"name":"Logo &#8211; Embl\u00e8me Yamaha"}]},{"@type":"WebSite","@id":"https:\/\/icm-3d.fr\/#website","url":"https:\/\/icm-3d.fr\/","name":"ICM-3D.FR","description":"Impression Cr\u00e9ation Mod\u00e9lisation 3D","publisher":{"@id":"https:\/\/icm-3d.fr\/#organization"},"potentialAction":[{"@type":"SearchAction","target":{"@type":"EntryPoint","urlTemplate":"https:\/\/icm-3d.fr\/?s={search_term_string}"},"query-input":{"@type":"PropertyValueSpecification","valueRequired":true,"valueName":"search_term_string"}}],"inLanguage":"fr-FR"},{"@type":"Organization","@id":"https:\/\/icm-3d.fr\/#organization","name":"ICM-3D.FR","url":"https:\/\/icm-3d.fr\/","logo":{"@type":"ImageObject","inLanguage":"fr-FR","@id":"https:\/\/icm-3d.fr\/#\/schema\/logo\/image\/","url":"https:\/\/icm-3d.fr\/wp-content\/uploads\/2023\/08\/logo.png","contentUrl":"https:\/\/icm-3d.fr\/wp-content\/uploads\/2023\/08\/logo.png","width":2390,"height":600,"caption":"ICM-3D.FR"},"image":{"@id":"https:\/\/icm-3d.fr\/#\/schema\/logo\/image\/"},"sameAs":["https:\/\/www.facebook.com\/people\/Icm-3D\/100085744911535\/"]}]}},"jetpack_sharing_enabled":true,"_links":{"self":[{"href":"https:\/\/icm-3d.fr\/index.php\/wp-json\/wp\/v2\/product\/1883","targetHints":{"allow":["GET"]}}],"collection":[{"href":"https:\/\/icm-3d.fr\/index.php\/wp-json\/wp\/v2\/product"}],"about":[{"href":"https:\/\/icm-3d.fr\/index.php\/wp-json\/wp\/v2\/types\/product"}],"replies":[{"embeddable":true,"href":"https:\/\/icm-3d.fr\/index.php\/wp-json\/wp\/v2\/comments?post=1883"}],"wp:featuredmedia":[{"embeddable":true,"href":"https:\/\/icm-3d.fr\/index.php\/wp-json\/wp\/v2\/media\/1885"}],"wp:attachment":[{"href":"https:\/\/icm-3d.fr\/index.php\/wp-json\/wp\/v2\/media?parent=1883"}],"wp:term":[{"taxonomy":"product_brand","embeddable":true,"href":"https:\/\/icm-3d.fr\/index.php\/wp-json\/wp\/v2\/product_brand?post=1883"},{"taxonomy":"product_cat","embeddable":true,"href":"https:\/\/icm-3d.fr\/index.php\/wp-json\/wp\/v2\/product_cat?post=1883"},{"taxonomy":"product_tag","embeddable":true,"href":"https:\/\/icm-3d.fr\/index.php\/wp-json\/wp\/v2\/product_tag?post=1883"}],"curies":[{"name":"wp","href":"https:\/\/api.w.org\/{rel}","templated":true}]}}